{"id":216,"date":"2023-05-23T09:03:10","date_gmt":"2023-05-23T07:03:10","guid":{"rendered":"https:\/\/www.lichtseidank.de\/?page_id=216"},"modified":"2023-05-31T12:11:48","modified_gmt":"2023-05-31T10:11:48","slug":"datenschutz","status":"publish","type":"page","link":"https:\/\/www.lichtseidank.de\/?page_id=216","title":{"rendered":"Datenschutz"},"content":{"rendered":"<style>.kadence-column_960c2b-35 > .kt-inside-inner-col,.kadence-column_960c2b-35 > .kt-inside-inner-col:before{border-top-left-radius:0px;border-top-right-radius:0px;border-bottom-right-radius:0px;border-bottom-left-radius:0px;}.kadence-column_960c2b-35 > .kt-inside-inner-col{column-gap:var(--global-kb-gap-sm, 1rem);}.kadence-column_960c2b-35 > .kt-inside-inner-col{flex-direction:column;}.kadence-column_960c2b-35 > .kt-inside-inner-col > .aligncenter{width:100%;}.kadence-column_960c2b-35 > .kt-inside-inner-col:before{opacity:0.3;}.kadence-column_960c2b-35{position:relative;}@media all and (max-width: 1024px){.kadence-column_960c2b-35 > .kt-inside-inner-col{flex-direction:column;justify-content:center;}}@media all and (max-width: 767px){.kadence-column_960c2b-35 > .kt-inside-inner-col{flex-direction:column;justify-content:center;}}<\/style>\n<div class=\"wp-block-kadence-column kadence-column_960c2b-35\"><div class=\"kt-inside-inner-col\"><style>.kb-row-layout-id_8635f8-6d > .kt-row-column-wrap{align-content:start;}:where(.kb-row-layout-id_8635f8-6d > .kt-row-column-wrap) > .wp-block-kadence-column{justify-content:start;}.kb-row-layout-id_8635f8-6d > .kt-row-column-wrap{column-gap:var(--global-kb-gap-md, 2rem);row-gap:var(--global-kb-gap-md, 2rem);padding-top:var(--global-kb-spacing-sm, 1.5rem);padding-bottom:var(--global-kb-spacing-sm, 1.5rem);}.kb-row-layout-id_8635f8-6d > .kt-row-column-wrap > div:not(.added-for-specificity){grid-column:initial;}.kb-row-layout-id_8635f8-6d > .kt-row-column-wrap{grid-template-columns:minmax(0, 1fr) minmax(0, 3fr) minmax(0, 1fr);}.kb-row-layout-id_8635f8-6d > .kt-row-layout-overlay{opacity:0.30;}@media all and (max-width: 1024px){.kb-row-layout-id_8635f8-6d > .kt-row-column-wrap > div:not(.added-for-specificity){grid-column:initial;}}@media all and (max-width: 1024px){.kb-row-layout-id_8635f8-6d > .kt-row-column-wrap{grid-template-columns:minmax(0, 1fr) minmax(0, 3fr) minmax(0, 1fr);}}@media all and (max-width: 767px){.kb-row-layout-id_8635f8-6d > .kt-row-column-wrap > div:not(.added-for-specificity){grid-column:initial;}.kb-row-layout-id_8635f8-6d > .kt-row-column-wrap{grid-template-columns:minmax(0, 1fr);}}<\/style><div class=\"kb-row-layout-wrap kb-row-layout-id_8635f8-6d alignnone wp-block-kadence-rowlayout\"><div class=\"kt-row-column-wrap kt-has-3-columns kt-row-layout-center-wide kt-tab-layout-inherit kt-mobile-layout-row kt-row-valign-top\">\n<style>.kadence-column_85f252-08 > .kt-inside-inner-col,.kadence-column_85f252-08 > .kt-inside-inner-col:before{border-top-left-radius:0px;border-top-right-radius:0px;border-bottom-right-radius:0px;border-bottom-left-radius:0px;}.kadence-column_85f252-08 > .kt-inside-inner-col{column-gap:var(--global-kb-gap-sm, 1rem);}.kadence-column_85f252-08 > .kt-inside-inner-col{flex-direction:column;}.kadence-column_85f252-08 > .kt-inside-inner-col > .aligncenter{width:100%;}.kadence-column_85f252-08 > .kt-inside-inner-col:before{opacity:0.3;}.kadence-column_85f252-08{position:relative;}@media all and (max-width: 1024px){.kadence-column_85f252-08 > .kt-inside-inner-col{flex-direction:column;justify-content:center;}}@media all and (max-width: 767px){.kadence-column_85f252-08 > .kt-inside-inner-col{flex-direction:column;justify-content:center;}}<\/style>\n<div class=\"wp-block-kadence-column kadence-column_85f252-08\"><div class=\"kt-inside-inner-col\"><\/div><\/div>\n\n\n<style>.kadence-column_084820-79 > .kt-inside-inner-col,.kadence-column_084820-79 > .kt-inside-inner-col:before{border-top-left-radius:0px;border-top-right-radius:0px;border-bottom-right-radius:0px;border-bottom-left-radius:0px;}.kadence-column_084820-79 > .kt-inside-inner-col{column-gap:var(--global-kb-gap-sm, 1rem);}.kadence-column_084820-79 > .kt-inside-inner-col{flex-direction:column;}.kadence-column_084820-79 > .kt-inside-inner-col > .aligncenter{width:100%;}.kadence-column_084820-79 > .kt-inside-inner-col:before{opacity:0.3;}.kadence-column_084820-79{position:relative;}@media all and (max-width: 1024px){.kadence-column_084820-79 > .kt-inside-inner-col{flex-direction:column;justify-content:center;}}@media all and (max-width: 767px){.kadence-column_084820-79 > .kt-inside-inner-col{flex-direction:column;justify-content:center;}}.kadence-column_084820-79 {max-width: 1100px;}<\/style>\n<div class=\"wp-block-kadence-column kadence-column_084820-79\"><div class=\"kt-inside-inner-col\"><style>.wp-block-kadence-advancedheading.kt-adv-heading_f549ee-90, .wp-block-kadence-advancedheading.kt-adv-heading_f549ee-90[data-kb-block=\"kb-adv-heading_f549ee-90\"]{font-style:normal;}.wp-block-kadence-advancedheading.kt-adv-heading_f549ee-90 mark.kt-highlight, .wp-block-kadence-advancedheading.kt-adv-heading_f549ee-90[data-kb-block=\"kb-adv-heading_f549ee-90\"] mark.kt-highlight{font-style:normal;color:#f76a0c;-webkit-box-decoration-break:clone;box-decoration-break:clone;padding-top:0px;padding-right:0px;padding-bottom:0px;padding-left:0px;}<\/style>\n<h2 class=\"kt-adv-heading_f549ee-90 wp-block-kadence-advancedheading\" data-kb-block=\"kb-adv-heading_f549ee-90\">Datenschutz<\/h2>\n\n\n<style>.wp-block-kadence-iconlist.kt-svg-icon-list-items_a760b5-56:not(.this-stops-third-party-issues){margin-top:0px;margin-bottom:0px;}.wp-block-kadence-iconlist.kt-svg-icon-list-items_a760b5-56 ul.kt-svg-icon-list:not(.this-prevents-issues):not(.this-stops-third-party-issues):not(.tijsloc){margin-top:0px;margin-right:0px;margin-bottom:var(--global-kb-spacing-sm, 1.5rem);margin-left:0px;}.wp-block-kadence-iconlist.kt-svg-icon-list-items_a760b5-56 ul.kt-svg-icon-list{grid-row-gap:5px;}.wp-block-kadence-iconlist.kt-svg-icon-list-items_a760b5-56 ul.kt-svg-icon-list .kt-svg-icon-list-item-wrap .kt-svg-icon-list-single{margin-right:10px;}.kt-svg-icon-list-items_a760b5-56 ul.kt-svg-icon-list .kt-svg-icon-list-level-0 .kt-svg-icon-list-single svg{font-size:20px;}<\/style>\n<div class=\"wp-block-kadence-iconlist kt-svg-icon-list-items kt-svg-icon-list-items_a760b5-56 kt-svg-icon-list-columns-1 alignnone\"><ul class=\"kt-svg-icon-list\"><style>.kt-svg-icon-list-item-_06a2b7-76 .kt-svg-icon-list-text mark.kt-highlight{background-color:unset;font-style:normal;color:#f76a0c;-webkit-box-decoration-break:clone;box-decoration-break:clone;padding-top:0px;padding-right:0px;padding-bottom:0px;padding-left:0px;}<\/style>\n<li class=\"wp-block-kadence-listitem kt-svg-icon-list-item-wrap kt-svg-icon-list-item-_06a2b7-76\"><a href=\"https:\/\/www.lichtseidank.de\/\" class=\"kt-svg-icon-link\"><span class=\"kb-svg-icon-wrap kb-svg-icon-fe_home kt-svg-icon-list-single\"><svg viewBox=\"0 0 24 24\"  fill=\"none\" stroke=\"currentColor\" stroke-width=\"2\" stroke-linecap=\"round\" stroke-linejoin=\"round\" xmlns=\"http:\/\/www.w3.org\/2000\/svg\"  aria-hidden=\"true\"><path d=\"M3 9l9-7 9 7v11a2 2 0 0 1-2 2H5a2 2 0 0 1-2-2z\"\/><polyline points=\"9 22 9 12 15 12 15 22\"\/><\/svg><\/span><span class=\"kt-svg-icon-list-text\">Zur Startseite<\/span><\/a><\/li>\n<\/ul><\/div>\n\n\n\n<p>Als Betreiber dieser Seiten nehmen wir den Schutz Ihrer pers\u00f6nlichen Daten sehr ernst. Wir behandeln Ihre personenbezogenen Daten vertraulich und entsprechend der gesetzlichen Datenschutzvorschriften sowie dieser Datenschutzerkl\u00e4rung.<\/p>\n\n\n\n<p>Die Nutzung unserer Website ist in der Regel ohne Angabe personenbezogener Daten m\u00f6glich. Soweit auf unseren Seiten personenbezogene Daten (beispielsweise Name, Anschrift oder E-Mail-Adressen) erhoben werden, erfolgt dies, soweit m\u00f6glich, stets auf freiwilliger Basis. Diese Daten werden ohne Ihre ausdr\u00fcckliche Zustimmung nicht an Dritte weitergegeben.<\/p>\n\n\n\n<p>Wir weisen darauf hin, dass die Daten\u00fcbertragung im Internet (z.B. bei der Kommunikation per E-Mail) Sicherheitsl\u00fccken aufweisen kann. Ein l\u00fcckenloser Schutz der Daten vor dem Zugriff durch Dritte ist nicht m\u00f6glich.<\/p>\n\n\n\n<h3 class=\"wp-block-heading\"><strong>betrieblicher Datenschutzbeauftragter<\/strong><\/h3>\n\n\n\n<p>Eric-JosuaThemann<br>ITEBO GmbH<br>Gro\u00dfe Hamkenstra\u00dfe 32<br>49076\u00a0Osnabr\u00fcck<br>Tel.: 0541 9631 &#8211; 255<br>E-Mail:\u00a0<a href=\"mailto:Eric-Josua.Themann@itebo.de\">Eric-Josua.Themann@itebo.de<\/a>\u00a0<\/p>\n\n\n\n<h3 class=\"wp-block-heading\">Datenschutzaufsicht<\/h3>\n\n\n\n<p>Andreas Bloms<br>Di\u00f6zesandatenschutzbeauftragter<br>Katholische Datenschutzaufsicht Nord<br>Unser Lieben Frauen Kirchhof 20, 28195 Bremen<br>Tel.: 0421 330056 &#8211; 11<br>E-Mail:\u00a0<a href=\"mailto:a.bloms@kdsa-nord.de\">a.bloms@kdsa-nord.de<\/a><\/p>\n\n\n\n<h3 class=\"wp-block-heading\"><strong>Cookies<\/strong><\/h3>\n\n\n\n<p>Die Internetseiten verwenden teilweise so genannte Cookies. Cookies richten auf Ihrem Rechner keinen Schaden an und enthalten keine Viren. Cookies dienen dazu, unser Angebot nutzerfreundlicher, effektiver und sicherer zu machen. Cookies sind kleine Textdateien, die auf Ihrem Rechner abgelegt werden und die Ihr Browser speichert.<\/p>\n\n\n\n<p>Die meisten der von uns verwendeten Cookies sind so genannte \u201eSession-Cookies\u201c. Sie werden nach Ende Ihres Besuchs automatisch gel\u00f6scht. Andere Cookies bleiben auf Ihrem Endger\u00e4t gespeichert, bis Sie diese l\u00f6schen. Diese Cookies erm\u00f6glichen es uns, Ihren Browser beim n\u00e4chsten Besuch wiederzuerkennen.<\/p>\n\n\n\n<p>Sie k\u00f6nnen Ihren Browser so einstellen, dass Sie \u00fcber das Setzen von Cookies informiert werden und Cookies nur im Einzelfall erlauben, die Annahme von Cookies f\u00fcr bestimmte F\u00e4lle oder generell ausschlie\u00dfen sowie das automatische L\u00f6schen der Cookies beim Schlie\u00dfen des Browser aktivieren. Bei der Deaktivierung von Cookies kann die Funktionalit\u00e4t dieser Website eingeschr\u00e4nkt sein.<\/p>\n\n\n\n<h3 class=\"wp-block-heading\"><strong>Server-Log-Files<\/strong><\/h3>\n\n\n\n<p>Der Provider der Seiten erhebt und speichert automatisch Informationen in so genannten Server-Log Files, die Ihr Browser automatisch an uns \u00fcbermittelt. Dies sind:<\/p>\n\n\n\n<ul class=\"wp-block-list\">\n<li>Browsertyp und Browserversion<\/li>\n\n\n\n<li>verwendetes Betriebssystem<\/li>\n\n\n\n<li>Referrer URL<\/li>\n\n\n\n<li>Hostname des zugreifenden Rechners<\/li>\n\n\n\n<li>Uhrzeit der Serveranfrage<\/li>\n\n\n\n<li>Zugriffsstatus (Datei \u00fcbertragen, Datei nicht gefunden)<\/li>\n\n\n\n<li>IP-Adresse des anfragenden Rechners<\/li>\n<\/ul>\n\n\n\n<p>Diese Daten sind nicht bestimmten Personen zuordbar. Eine Zusammenf\u00fchrung dieser Daten mit anderen Datenquellen wird nicht vorgenommen. Wir behalten uns vor, diese Daten nachtr\u00e4glich zu pr\u00fcfen, wenn uns konkrete Anhaltspunkte f\u00fcr eine rechtswidrige Nutzung bekannt werden.<\/p>\n\n\n\n<h3 class=\"wp-block-heading\"><strong>Speicherung der IP-Adresse<\/strong><\/h3>\n\n\n\n<p>Wir speichern die vom Webbrowser \u00fcbermittelte IP-Adresse streng zweckgebunden f\u00fcr die Dauer von sieben Tagen, in dem Interesse, Angriffe auf unsere Webseiten erkennen, eingrenzen und beseitigen zu k\u00f6nnen. Nach Ablauf dieser Zeitspanne l\u00f6schen bzw. anonymisieren wir die IP-Adresse. Rechtsgrundlage ist \u00a7 6 Abs. 1 lit. g KDG.<\/p>\n\n\n\n<h3 class=\"wp-block-heading\"><strong>Kontaktformular<\/strong><\/h3>\n\n\n\n<p>Wenn Sie uns per Kontaktformular Anfragen zukommen lassen, werden Ihre Angaben aus dem Anfrageformular inklusive der von Ihnen dort angegebenen Kontaktdaten zwecks Bearbeitung der Anfrage und f\u00fcr den Fall von Anschlussfragen bei uns gespeichert. Diese Daten geben wir nicht ohne Ihre Einwilligung weiter.<\/p>\n\n\n\n<h3 class=\"wp-block-heading\"><strong>YouTube<\/strong><\/h3>\n\n\n\n<p>Unsere Website nutzt Plugins der von Google betriebenen Seite YouTube. Betreiber der Seiten ist die YouTube, LLC, 901 Cherry Ave., San Bruno, CA 94066, USA. Wenn Sie eine unserer mit einem YouTube- Plugin ausgestatteten Seiten besuchen, wird eine Verbindung zu den Servern von YouTube hergestellt. Dabei wird dem Youtube-Server mitgeteilt, welche unserer Seiten Sie besucht haben.<\/p>\n\n\n\n<p>Wenn Sie in Ihrem YouTube-Account eingeloggt sind erm\u00f6glichen Sie YouTube, Ihr Surfverhalten direkt Ihrem pers\u00f6nlichen Profil zuzuordnen. Dies k\u00f6nnen Sie verhindern, indem Sie sich aus Ihrem YouTube-Account ausloggen.<\/p>\n\n\n\n<p>Weitere Informationen zum Umgang von Nutzerdaten finden Sie in der Datenschutzerkl\u00e4rung von YouTube unter:&nbsp;<a href=\"https:\/\/www.google.de\/intl\/de\/policies\/privacy\">https:\/\/www.google.de\/intl\/de\/policies\/privacy<\/a><\/p>\n\n\n\n<h3 class=\"wp-block-heading\"><strong>Instagram<\/strong><\/h3>\n\n\n\n<p>Auf unserer Website setzen wir Plugins des Onlinedienstes Instagram ein. Dabei handelt es sich um ein Angebot der Instagram Inc., 181 South Park Street, Suite 2, San Francisco, CA 94107, USA. Welche Daten ein solches Plugin erfasst, kann von uns nicht beeinflusst werden. Ebenso haben wir keinen Einfluss darauf, wie die Daten von Instagram verwendet werden. Es ist davon auszugehen, dass zumindest die IP-Adresse sowie Informationen \u00fcber die verwendeten Endger\u00e4te erfasst und genutzt werden, ebenso ist nicht auszuschlie\u00dfen, dass von Instagram versucht wird, Cookies auf den verwendeten Endger\u00e4ten zu speichern. Instagram kann dadurch \u00fcber den Besuch bestimmter Seiten im Internet informiert werden. Nutzer, die zeitgleich bei Instagram angemeldet sind, k\u00f6nnen von Instagram identifiziert werden. Informationen zu den dabei erfassten Daten und deren Nutzung entnehmen Sie bitte den Datenschutzhinweisen von Instagram, die Sie unter&nbsp;<a href=\"https:\/\/help.instagram.com\/155833707900388\">https:\/\/help.instagram.com\/155833707900388<\/a>&nbsp;einsehen k\u00f6nnen.<\/p>\n\n\n\n<h3 class=\"wp-block-heading\"><strong>Twitter<\/strong><\/h3>\n\n\n\n<p>Unsere Internetseite enth\u00e4lt Funktionen der Twitter Inc., 795 Folsom Street, Suite 600, San Francisco, CA 94107, USA. Wenn Sie Twitter und insbesondere die Funktion \u201eRe-Tweet\u201c verwenden, verkn\u00fcpft Twitter Ihr Twitter-Account mit den von Ihnen frequentierten Internetseiten. Dies wird anderen Nutzern bei Twitter, insbesondere Ihren Followern bekannt gegeben. Auf diesem Weg findet auch eine Daten\u00fcbertragung an Twitter statt.<\/p>\n\n\n\n<p>Wir, als Anbieter unserer Internetseite, werden von Twitter nicht \u00fcber den Inhalt der \u00fcbertragenen Daten bzw. der Datennutzung informiert. Unter dem nachfolgenden Link k\u00f6nnen Sie sich weitergehend informieren:&nbsp;<a href=\"https:\/\/twitter.com\/privacy\">https:\/\/twitter.com\/privacy.<\/a>&nbsp;Bitte beachten Sie jedoch, dass Sie die M\u00f6glichkeit haben, Ihre Datenschutzeinstellungen bei Twitter in Ihren dortigen Konto-Einstellungen unter&nbsp;<a href=\"https:\/\/twitter.com\/account\/settings\">https:\/\/twitter.com\/account\/settings<\/a>&nbsp;zu ver\u00e4ndern.<\/p>\n\n\n\n<h3 class=\"wp-block-heading\"><strong>Facebook-Plugins<\/strong><\/h3>\n\n\n\n<p>Unsere Internetseite enth\u00e4lt Plugins von Facebook, 1601 South California Avenue, Palo Alto, CA 94304, USA. Facebook ist ein soziales Netzwerk. Das jeweilige Plugin ist am Logo von Facebook oder dem \u201eGef\u00e4llt-mir-Button\u201c erkennbar. Die Gesamt\u00fcbersicht aller Plugins von Facebook k\u00f6nnen Sie sich unter dem nachfolgenden Link ansehen:&nbsp;<a href=\"https:\/\/developers.facebook.com\/docs\/plugins\">https:\/\/developers.facebook.com\/docs\/plugins<\/a><\/p>\n\n\n\n<p>Sobald Sie unsere Internetseite nutzen, stellt das Facebook-Plugin zwischen Ihrem Browser und den Servern von Facebook eine unmittelbare Verbindung her. Auf diesem Weg wird Facebook dar\u00fcber informiert, dass mit Ihrer IP-Adresse unsere Internetseite besucht wurde. F\u00fcr den Fall, dass Sie bei Facebook eingeloggt sein sollten, k\u00f6nnen Sie mittels des \u201eGef\u00e4llt-mir-Buttons\u201c den entsprechenden Inhalt, der sich auf unserer Internetseite befindet, in Ihrem Profil bei Facebook verlinken. Es ist Facebook dann m\u00f6glich, Ihren Besuch unserer Internetseite Ihrem Facebook-Account zuzuordnen. Wir, als Anbieter unserer Internetseite, werden von Facebook nicht \u00fcber den Inhalt der \u00fcbertragenen Daten beziehungsweise der Datennutzung informiert. Unter dem nachfolgenden Link k\u00f6nnen Sie sich weitergehend informieren:&nbsp;<a href=\"https:\/\/de-de.facebook.com\/policy.php\">https:\/\/de-de.facebook.com\/policy.php<\/a><\/p>\n\n\n\n<p>F\u00fcr den Fall, dass Sie Mitglied von Facebook sein sollten, jedoch nicht m\u00f6chten, dass Facebook \u00fcber unsere Internetseite Daten \u00fcber Sie \u00fcbermittelt bekommt und mit Ihren Mitgliedsdaten verbindet, so m\u00fcssen Sie sich, bevor Sie unsere Internetseite aufrufen, bei Facebook ausloggen.<\/p>\n\n\n\n<h3 class=\"wp-block-heading\"><strong>Google Webfonts<\/strong><\/h3>\n\n\n\n<p>Auf diesen Internetseiten werden externe Schriften, Google Fonts verwendet. Google Fonts ist ein Dienst der Google Inc. (\u201eGoogle\u201c). Die Einbindung dieser Web Fonts erfolgt durch einen Serveraufruf, in der Regel ein Server von Google in den USA. Hierdurch wird an den Server \u00fcbermittelt, welche unserer Internetseiten Sie besucht haben. Auch wird die IP-Adresse des Browsers des Endger\u00e4tes des Besuchers dieser Internetseiten von Google gespeichert. N\u00e4here Informationen finden Sie in den Datenschutzhinweisen von Google, die Sie hier abrufen k\u00f6nnen:<br><a href=\"https:\/\/www.google.com\/fonts#AboutPlace:about\">www.google.com\/fonts#AboutPlace:about<\/a><br><a href=\"https:\/\/www.google.com\/policies\/privacy\/\">www.google.com\/policies\/privacy\/<\/a><\/p>\n\n\n\n<h3 class=\"wp-block-heading\"><strong>SSL- Verschl\u00fcsselung<\/strong><\/h3>\n\n\n\n<p>Diese Seite nutzt aus Gr\u00fcnden der Sicherheit und zum Schutz der \u00dcbertragung vertraulicher Inhalte, wie zum Beispiel der Anfragen, die Sie an uns als Seitenbetreiber senden, eine SSL-Verschl\u00fcsselung. Eine verschl\u00fcsselte Verbindung erkennen Sie daran, dass die Adresszeile des Browsers von \u201ehttps:\/\/\u201c auf \u201ehttps:\/\/\u201c wechselt und an dem Schloss-Symbol in Ihrer Browserzeile.<\/p>\n\n\n\n<p>Wenn die SSL Verschl\u00fcsselung aktiviert ist, k\u00f6nnen die Daten, die Sie an uns \u00fcbermitteln, nicht von Dritten mitgelesen werden.<\/p>\n\n\n\n<h3 class=\"wp-block-heading\"><strong>Recht auf Auskunft, L\u00f6schung, Sperrung<\/strong><\/h3>\n\n\n\n<p>Sie haben jederzeit das Recht auf unentgeltliche Auskunft \u00fcber Ihre gespeicherten personenbezogenen Daten, deren Herkunft und Empf\u00e4nger und den Zweck der Datenverarbeitung sowie ein Recht auf Berichtigung, Sperrung oder L\u00f6schung dieser Daten. Hierzu sowie zu weiteren Fragen zum Thema personenbezogene Daten k\u00f6nnen Sie sich jederzeit unter der im Impressum angegebenen Adresse an uns wenden.<\/p>\n\n\n\n<h3 class=\"wp-block-heading\"><strong>Widerspruch Werbe-Mails<\/strong><\/h3>\n\n\n\n<p>Der Nutzung von im Rahmen der Impressumspflicht ver\u00f6ffentlichten Kontaktdaten zur \u00dcbersendung von nicht ausdr\u00fccklich angeforderter Werbung und Informationsmaterialien wird hiermit widersprochen. Die Betreiber der Seiten behalten sich ausdr\u00fccklich rechtliche Schritte im Falle der unverlangten Zusendung von Werbeinformationen, etwa durch Spam-E-Mails, vor.<\/p>\n\n\n\n<h3 class=\"wp-block-heading\"><strong>\u00c4nderungen dieser Datenschutzerkl\u00e4rung<\/strong><\/h3>\n\n\n\n<p>Wir behalten uns vor, diese Datenschutzerkl\u00e4rung bei Bedarf zu ver\u00e4ndern, so zum Beispiel bei \u00c4nderungen unseres Angebots oder um sie den aktuellen rechtlichen Anforderungen anzupassen. F\u00fcr einen erneuten Besuch gilt dann die neue Datenschutzerkl\u00e4rung.<\/p>\n\n\n<style>.wp-block-kadence-iconlist.kt-svg-icon-list-items_072fb2-bd:not(.this-stops-third-party-issues){margin-top:0px;margin-bottom:0px;}.wp-block-kadence-iconlist.kt-svg-icon-list-items_072fb2-bd ul.kt-svg-icon-list:not(.this-prevents-issues):not(.this-stops-third-party-issues):not(.tijsloc){margin-top:0px;margin-right:0px;margin-bottom:var(--global-kb-spacing-sm, 1.5rem);margin-left:0px;}.wp-block-kadence-iconlist.kt-svg-icon-list-items_072fb2-bd ul.kt-svg-icon-list{grid-row-gap:5px;}.wp-block-kadence-iconlist.kt-svg-icon-list-items_072fb2-bd ul.kt-svg-icon-list .kt-svg-icon-list-item-wrap .kt-svg-icon-list-single{margin-right:10px;}.kt-svg-icon-list-items_072fb2-bd ul.kt-svg-icon-list .kt-svg-icon-list-level-0 .kt-svg-icon-list-single svg{font-size:20px;}<\/style>\n<div class=\"wp-block-kadence-iconlist kt-svg-icon-list-items kt-svg-icon-list-items_072fb2-bd kt-svg-icon-list-columns-1 alignnone\"><ul class=\"kt-svg-icon-list\"><style>.kt-svg-icon-list-item-_ea500d-d0 .kt-svg-icon-list-text mark.kt-highlight{background-color:unset;font-style:normal;color:#f76a0c;-webkit-box-decoration-break:clone;box-decoration-break:clone;padding-top:0px;padding-right:0px;padding-bottom:0px;padding-left:0px;}<\/style>\n<li class=\"wp-block-kadence-listitem kt-svg-icon-list-item-wrap kt-svg-icon-list-item-_ea500d-d0\"><a href=\"https:\/\/www.lichtseidank.de\/\" class=\"kt-svg-icon-link\"><span class=\"kb-svg-icon-wrap kb-svg-icon-fe_home kt-svg-icon-list-single\"><svg viewBox=\"0 0 24 24\"  fill=\"none\" stroke=\"currentColor\" stroke-width=\"2\" stroke-linecap=\"round\" stroke-linejoin=\"round\" xmlns=\"http:\/\/www.w3.org\/2000\/svg\"  aria-hidden=\"true\"><path d=\"M3 9l9-7 9 7v11a2 2 0 0 1-2 2H5a2 2 0 0 1-2-2z\"\/><polyline points=\"9 22 9 12 15 12 15 22\"\/><\/svg><\/span><span class=\"kt-svg-icon-list-text\">Zur Startseite<\/span><\/a><\/li>\n<\/ul><\/div>\n<\/div><\/div>\n\n\n<style>.kadence-column_fc4332-81 > .kt-inside-inner-col,.kadence-column_fc4332-81 > .kt-inside-inner-col:before{border-top-left-radius:0px;border-top-right-radius:0px;border-bottom-right-radius:0px;border-bottom-left-radius:0px;}.kadence-column_fc4332-81 > .kt-inside-inner-col{column-gap:var(--global-kb-gap-sm, 1rem);}.kadence-column_fc4332-81 > .kt-inside-inner-col{flex-direction:column;}.kadence-column_fc4332-81 > .kt-inside-inner-col > .aligncenter{width:100%;}.kadence-column_fc4332-81 > .kt-inside-inner-col:before{opacity:0.3;}.kadence-column_fc4332-81{position:relative;}@media all and (max-width: 1024px){.kadence-column_fc4332-81 > .kt-inside-inner-col{flex-direction:column;justify-content:center;}}@media all and (max-width: 767px){.kadence-column_fc4332-81 > .kt-inside-inner-col{flex-direction:column;justify-content:center;}}<\/style>\n<div class=\"wp-block-kadence-column kadence-column_fc4332-81\"><div class=\"kt-inside-inner-col\"><\/div><\/div>\n\n<\/div><\/div><\/div><\/div>\n","protected":false},"excerpt":{"rendered":"<p>Datenschutz Als Betreiber dieser Seiten nehmen wir den Schutz Ihrer pers\u00f6nlichen Daten sehr ernst. Wir behandeln Ihre personenbezogenen Daten vertraulich und entsprechend der gesetzlichen Datenschutzvorschriften sowie dieser Datenschutzerkl\u00e4rung. Die Nutzung unserer Website ist in der Regel ohne Angabe personenbezogener Daten m\u00f6glich. Soweit auf unseren Seiten personenbezogene Daten (beispielsweise Name, Anschrift oder E-Mail-Adressen) erhoben werden, erfolgt&#8230;<\/p>\n","protected":false},"author":1,"featured_media":0,"parent":0,"menu_order":0,"comment_status":"closed","ping_status":"closed","template":"","meta":{"_kad_blocks_custom_css":"","_kad_blocks_head_custom_js":"","_kad_blocks_body_custom_js":"","_kad_blocks_footer_custom_js":"","_kad_post_transparent":"","_kad_post_title":"","_kad_post_layout":"","_kad_post_sidebar_id":"","_kad_post_content_style":"","_kad_post_vertical_padding":"","_kad_post_feature":"","_kad_post_feature_position":"","_kad_post_header":false,"_kad_post_footer":false,"footnotes":""},"class_list":["post-216","page","type-page","status-publish","hentry"],"taxonomy_info":[],"featured_image_src_large":false,"author_info":{"display_name":"xiqit","author_link":"https:\/\/www.lichtseidank.de\/?author=1"},"comment_info":0,"_links":{"self":[{"href":"https:\/\/www.lichtseidank.de\/index.php?rest_route=\/wp\/v2\/pages\/216","targetHints":{"allow":["GET"]}}],"collection":[{"href":"https:\/\/www.lichtseidank.de\/index.php?rest_route=\/wp\/v2\/pages"}],"about":[{"href":"https:\/\/www.lichtseidank.de\/index.php?rest_route=\/wp\/v2\/types\/page"}],"author":[{"embeddable":true,"href":"https:\/\/www.lichtseidank.de\/index.php?rest_route=\/wp\/v2\/users\/1"}],"replies":[{"embeddable":true,"href":"https:\/\/www.lichtseidank.de\/index.php?rest_route=%2Fwp%2Fv2%2Fcomments&post=216"}],"version-history":[{"count":0,"href":"https:\/\/www.lichtseidank.de\/index.php?rest_route=\/wp\/v2\/pages\/216\/revisions"}],"wp:attachment":[{"href":"https:\/\/www.lichtseidank.de\/index.php?rest_route=%2Fwp%2Fv2%2Fmedia&parent=216"}],"curies":[{"name":"wp","href":"https:\/\/api.w.org\/{rel}","templated":true}]}}