{"id":498,"date":"2023-05-25T10:59:02","date_gmt":"2023-05-25T08:59:02","guid":{"rendered":"https:\/\/www.lichtseidank.de\/?page_id=498"},"modified":"2023-05-25T10:59:50","modified_gmt":"2023-05-25T08:59:50","slug":"datenschutz-aktion","status":"publish","type":"page","link":"https:\/\/www.lichtseidank.de\/?page_id=498","title":{"rendered":"Datenschutz Aktion"},"content":{"rendered":"<style>.kadence-column_960c2b-35 > .kt-inside-inner-col,.kadence-column_960c2b-35 > .kt-inside-inner-col:before{border-top-left-radius:0px;border-top-right-radius:0px;border-bottom-right-radius:0px;border-bottom-left-radius:0px;}.kadence-column_960c2b-35 > .kt-inside-inner-col{column-gap:var(--global-kb-gap-sm, 1rem);}.kadence-column_960c2b-35 > .kt-inside-inner-col{flex-direction:column;}.kadence-column_960c2b-35 > .kt-inside-inner-col > .aligncenter{width:100%;}.kadence-column_960c2b-35 > .kt-inside-inner-col:before{opacity:0.3;}.kadence-column_960c2b-35{position:relative;}@media all and (max-width: 1024px){.kadence-column_960c2b-35 > .kt-inside-inner-col{flex-direction:column;justify-content:center;}}@media all and (max-width: 767px){.kadence-column_960c2b-35 > .kt-inside-inner-col{flex-direction:column;justify-content:center;}}<\/style>\n<div class=\"wp-block-kadence-column kadence-column_960c2b-35\"><div class=\"kt-inside-inner-col\"><style>.kb-row-layout-id_8635f8-6d > .kt-row-column-wrap{align-content:start;}:where(.kb-row-layout-id_8635f8-6d > .kt-row-column-wrap) > .wp-block-kadence-column{justify-content:start;}.kb-row-layout-id_8635f8-6d > .kt-row-column-wrap{column-gap:var(--global-kb-gap-md, 2rem);row-gap:var(--global-kb-gap-md, 2rem);padding-top:var(--global-kb-spacing-sm, 1.5rem);padding-bottom:var(--global-kb-spacing-sm, 1.5rem);}.kb-row-layout-id_8635f8-6d > .kt-row-column-wrap > div:not(.added-for-specificity){grid-column:initial;}.kb-row-layout-id_8635f8-6d > .kt-row-column-wrap{grid-template-columns:minmax(0, 1fr) minmax(0, 3fr) minmax(0, 1fr);}.kb-row-layout-id_8635f8-6d > .kt-row-layout-overlay{opacity:0.30;}@media all and (max-width: 1024px){.kb-row-layout-id_8635f8-6d > .kt-row-column-wrap > div:not(.added-for-specificity){grid-column:initial;}}@media all and (max-width: 1024px){.kb-row-layout-id_8635f8-6d > .kt-row-column-wrap{grid-template-columns:minmax(0, 1fr) minmax(0, 3fr) minmax(0, 1fr);}}@media all and (max-width: 767px){.kb-row-layout-id_8635f8-6d > .kt-row-column-wrap > div:not(.added-for-specificity){grid-column:initial;}.kb-row-layout-id_8635f8-6d > .kt-row-column-wrap{grid-template-columns:minmax(0, 1fr);}}<\/style><div class=\"kb-row-layout-wrap kb-row-layout-id_8635f8-6d alignnone wp-block-kadence-rowlayout\"><div class=\"kt-row-column-wrap kt-has-3-columns kt-row-layout-center-wide kt-tab-layout-inherit kt-mobile-layout-row kt-row-valign-top\">\n<style>.kadence-column_85f252-08 > .kt-inside-inner-col,.kadence-column_85f252-08 > .kt-inside-inner-col:before{border-top-left-radius:0px;border-top-right-radius:0px;border-bottom-right-radius:0px;border-bottom-left-radius:0px;}.kadence-column_85f252-08 > .kt-inside-inner-col{column-gap:var(--global-kb-gap-sm, 1rem);}.kadence-column_85f252-08 > .kt-inside-inner-col{flex-direction:column;}.kadence-column_85f252-08 > .kt-inside-inner-col > .aligncenter{width:100%;}.kadence-column_85f252-08 > .kt-inside-inner-col:before{opacity:0.3;}.kadence-column_85f252-08{position:relative;}@media all and (max-width: 1024px){.kadence-column_85f252-08 > .kt-inside-inner-col{flex-direction:column;justify-content:center;}}@media all and (max-width: 767px){.kadence-column_85f252-08 > .kt-inside-inner-col{flex-direction:column;justify-content:center;}}<\/style>\n<div class=\"wp-block-kadence-column kadence-column_85f252-08\"><div class=\"kt-inside-inner-col\"><\/div><\/div>\n\n\n<style>.kadence-column_084820-79 > .kt-inside-inner-col,.kadence-column_084820-79 > .kt-inside-inner-col:before{border-top-left-radius:0px;border-top-right-radius:0px;border-bottom-right-radius:0px;border-bottom-left-radius:0px;}.kadence-column_084820-79 > .kt-inside-inner-col{column-gap:var(--global-kb-gap-sm, 1rem);}.kadence-column_084820-79 > .kt-inside-inner-col{flex-direction:column;}.kadence-column_084820-79 > .kt-inside-inner-col > .aligncenter{width:100%;}.kadence-column_084820-79 > .kt-inside-inner-col:before{opacity:0.3;}.kadence-column_084820-79{position:relative;}@media all and (max-width: 1024px){.kadence-column_084820-79 > .kt-inside-inner-col{flex-direction:column;justify-content:center;}}@media all and (max-width: 767px){.kadence-column_084820-79 > .kt-inside-inner-col{flex-direction:column;justify-content:center;}}.kadence-column_084820-79 {max-width: 1100px;}<\/style>\n<div class=\"wp-block-kadence-column kadence-column_084820-79\"><div class=\"kt-inside-inner-col\"><style>.wp-block-kadence-advancedheading.kt-adv-heading_f549ee-90, .wp-block-kadence-advancedheading.kt-adv-heading_f549ee-90[data-kb-block=\"kb-adv-heading_f549ee-90\"]{font-style:normal;}.wp-block-kadence-advancedheading.kt-adv-heading_f549ee-90 mark.kt-highlight, .wp-block-kadence-advancedheading.kt-adv-heading_f549ee-90[data-kb-block=\"kb-adv-heading_f549ee-90\"] mark.kt-highlight{font-style:normal;color:#f76a0c;-webkit-box-decoration-break:clone;box-decoration-break:clone;padding-top:0px;padding-right:0px;padding-bottom:0px;padding-left:0px;}<\/style>\n<h2 class=\"kt-adv-heading_f549ee-90 wp-block-kadence-advancedheading\" data-kb-block=\"kb-adv-heading_f549ee-90\">Datenschutzhinweise zu der Fotoaktion &#8222;Licht sei Dank&#8220;<\/h2>\n\n\n\n<p class=\"datenschutz\">Informationen nach Art. 13 der DS-GVO<\/p>\n\n\n<style>.wp-block-kadence-iconlist.kt-svg-icon-list-items_a760b5-56:not(.this-stops-third-party-issues){margin-top:0px;margin-bottom:0px;}.wp-block-kadence-iconlist.kt-svg-icon-list-items_a760b5-56 ul.kt-svg-icon-list:not(.this-prevents-issues):not(.this-stops-third-party-issues):not(.tijsloc){margin-top:0px;margin-right:0px;margin-bottom:var(--global-kb-spacing-sm, 1.5rem);margin-left:0px;}.wp-block-kadence-iconlist.kt-svg-icon-list-items_a760b5-56 ul.kt-svg-icon-list{grid-row-gap:5px;}.wp-block-kadence-iconlist.kt-svg-icon-list-items_a760b5-56 ul.kt-svg-icon-list .kt-svg-icon-list-item-wrap .kt-svg-icon-list-single{margin-right:10px;}.kt-svg-icon-list-items_a760b5-56 ul.kt-svg-icon-list .kt-svg-icon-list-level-0 .kt-svg-icon-list-single svg{font-size:20px;}<\/style>\n<div class=\"wp-block-kadence-iconlist kt-svg-icon-list-items kt-svg-icon-list-items_a760b5-56 kt-svg-icon-list-columns-1 alignnone\"><ul class=\"kt-svg-icon-list\"><style>.kt-svg-icon-list-item-_06a2b7-76 .kt-svg-icon-list-text mark.kt-highlight{background-color:unset;font-style:normal;color:#f76a0c;-webkit-box-decoration-break:clone;box-decoration-break:clone;padding-top:0px;padding-right:0px;padding-bottom:0px;padding-left:0px;}<\/style>\n<li class=\"wp-block-kadence-listitem kt-svg-icon-list-item-wrap kt-svg-icon-list-item-_06a2b7-76\"><a href=\"https:\/\/www.lichtseidank.de\/\" class=\"kt-svg-icon-link\"><span class=\"kb-svg-icon-wrap kb-svg-icon-fe_home kt-svg-icon-list-single\"><svg viewBox=\"0 0 24 24\"  fill=\"none\" stroke=\"currentColor\" stroke-width=\"2\" stroke-linecap=\"round\" stroke-linejoin=\"round\" xmlns=\"http:\/\/www.w3.org\/2000\/svg\"  aria-hidden=\"true\"><path d=\"M3 9l9-7 9 7v11a2 2 0 0 1-2 2H5a2 2 0 0 1-2-2z\"\/><polyline points=\"9 22 9 12 15 12 15 22\"\/><\/svg><\/span><span class=\"kt-svg-icon-list-text\">Zur Startseite<\/span><\/a><\/li>\n<\/ul><\/div>\n\n\n\n<h3 class=\"wp-block-heading\">Kontaktdaten des Verantwortlichen <\/h3>\n\n\n\n<p>Erzbistum Hamburg<br>Am Mariendom 4<br>20099 Hamburg<\/p>\n\n\n\n<p>Vertreten durch Generalvikar Pater Sascha-Philipp Gei\u00dfler SAC<\/p>\n\n\n\n<p class=\"datenschutz\">Kontakt:<br>Tel.: 040 24877 100<br>Fax: 040 24877 233<br>E-Mail:&nbsp;empfang@erzbistum-hamburg.de<\/p>\n\n\n\n<h3 class=\"wp-block-heading\">Kontaktdaten des Datenschutzbeauftragten<\/h3>\n\n\n\n<p>Unser betrieblicher Datenschutzbeauftragter steht Ihnen gerne f\u00fcr Ausk\u00fcnfte oder Anregungen zum Thema Datenschutz zur Verf\u00fcgung:<\/p>\n\n\n\n<p>Eric-Josua Themann<br>ITEBO GmbH<br>Dielingerstra\u00dfe 40<br>49074 Osnabr\u00fcck<br>0541 \u2013 9631 255<br>dsb@itebo.de<\/p>\n\n\n<style>.wp-block-kadence-advancedheading.kt-adv-heading_6c5959-1c, .wp-block-kadence-advancedheading.kt-adv-heading_6c5959-1c[data-kb-block=\"kb-adv-heading_6c5959-1c\"]{font-style:normal;}.wp-block-kadence-advancedheading.kt-adv-heading_6c5959-1c mark.kt-highlight, .wp-block-kadence-advancedheading.kt-adv-heading_6c5959-1c[data-kb-block=\"kb-adv-heading_6c5959-1c\"] mark.kt-highlight{font-style:normal;color:#f76a0c;-webkit-box-decoration-break:clone;box-decoration-break:clone;padding-top:0px;padding-right:0px;padding-bottom:0px;padding-left:0px;}<\/style>\n<h3 class=\"kt-adv-heading_6c5959-1c wp-block-kadence-advancedheading\" data-kb-block=\"kb-adv-heading_6c5959-1c\">Kontaktdaten der Datenschutzaufsicht<\/h3>\n\n\n\n<p>Andreas Bloms<br>Katholische Datenschutzaufsicht Nord<br>Unser Lieben Frauen Kirchhof 20<br>28195 Bremen<br>0421 330056-11<br>a.bloms@kdsa-nord.de<\/p>\n\n\n\n<h3 class=\"wp-block-heading\">Zweck der Verarbeitung<\/h3>\n\n\n\n<p>Ihre Daten und Projektdokumente werden ausschlie\u00dflich f\u00fcr Ihre Teilnahme an &#8222;Licht sei Dank&#8220; verarbeitet.<\/p>\n\n\n\n<h3 class=\"wp-block-heading\">Rechtsgrundlage<\/h3>\n\n\n\n<p>Grundlage der Datenverarbeitung ist Ihre Einwilligung an einer Teilnahme an &#8222;Licht sei Dank&#8220;.<\/p>\n\n\n\n<h3 class=\"wp-block-heading\">Empf\u00e4nger der Daten<\/h3>\n\n\n\n<p>Ihre Daten und Projektdokumente werden nicht an Dritte weitergegeben. Sie werden ausschlie\u00dflich von den f\u00fcr die Bearbeitung Ihrer Teilnahme an &#8222;Licht sei Dank&#8220; zust\u00e4ndigen Stellen verarbeitet.<\/p>\n\n\n\n<h3 class=\"wp-block-heading\">Dauer der Datenverarbeitung<\/h3>\n\n\n\n<p>Ihre Daten werden nach Ende des &#8222;Licht sei Dank&#8220; noch 180 Tage lang f\u00fcr eventuelle R\u00fcckfragen aufbewahrt und dann gel\u00f6scht.<\/p>\n\n\n\n<h3 class=\"wp-block-heading\">Betroffenenrechte<\/h3>\n\n\n\n<p>Soweit die jeweiligen Tatbestandsvoraussetzungen vorliegen, steht Ihnen ein Recht auf Auskunft (Art. 15 DS-GVO), Berichtigung (Art. 16 DS-GVO), L\u00f6schung (Art. 17 DS-GVO), Einschr\u00e4nkung der Verarbeitung (Art. 18 DS-GVO), Daten\u00fcbertragbarkeit (Art. 20 DS-GVO) und Widerspruch (Art. 21 DS-GVO) zu. Wenn Sie eines der vorgenannten Rechte geltend machen, teilen Sie bitte mit, in welchem Zusammenhang die Daten an das Erzbistum \u00fcbermittelt wurden.<\/p>\n\n\n<style>.wp-block-kadence-iconlist.kt-svg-icon-list-items_072fb2-bd:not(.this-stops-third-party-issues){margin-top:0px;margin-bottom:0px;}.wp-block-kadence-iconlist.kt-svg-icon-list-items_072fb2-bd ul.kt-svg-icon-list:not(.this-prevents-issues):not(.this-stops-third-party-issues):not(.tijsloc){margin-top:0px;margin-right:0px;margin-bottom:var(--global-kb-spacing-sm, 1.5rem);margin-left:0px;}.wp-block-kadence-iconlist.kt-svg-icon-list-items_072fb2-bd ul.kt-svg-icon-list{grid-row-gap:5px;}.wp-block-kadence-iconlist.kt-svg-icon-list-items_072fb2-bd ul.kt-svg-icon-list .kt-svg-icon-list-item-wrap .kt-svg-icon-list-single{margin-right:10px;}.kt-svg-icon-list-items_072fb2-bd ul.kt-svg-icon-list .kt-svg-icon-list-level-0 .kt-svg-icon-list-single svg{font-size:20px;}<\/style>\n<div class=\"wp-block-kadence-iconlist kt-svg-icon-list-items kt-svg-icon-list-items_072fb2-bd kt-svg-icon-list-columns-1 alignnone\"><ul class=\"kt-svg-icon-list\"><style>.kt-svg-icon-list-item-_ea500d-d0 .kt-svg-icon-list-text mark.kt-highlight{background-color:unset;font-style:normal;color:#f76a0c;-webkit-box-decoration-break:clone;box-decoration-break:clone;padding-top:0px;padding-right:0px;padding-bottom:0px;padding-left:0px;}<\/style>\n<li class=\"wp-block-kadence-listitem kt-svg-icon-list-item-wrap kt-svg-icon-list-item-_ea500d-d0\"><a href=\"https:\/\/www.lichtseidank.de\/\" class=\"kt-svg-icon-link\"><span class=\"kb-svg-icon-wrap kb-svg-icon-fe_home kt-svg-icon-list-single\"><svg viewBox=\"0 0 24 24\"  fill=\"none\" stroke=\"currentColor\" stroke-width=\"2\" stroke-linecap=\"round\" stroke-linejoin=\"round\" xmlns=\"http:\/\/www.w3.org\/2000\/svg\"  aria-hidden=\"true\"><path d=\"M3 9l9-7 9 7v11a2 2 0 0 1-2 2H5a2 2 0 0 1-2-2z\"\/><polyline points=\"9 22 9 12 15 12 15 22\"\/><\/svg><\/span><span class=\"kt-svg-icon-list-text\">Zur Startseite<\/span><\/a><\/li>\n<\/ul><\/div>\n<\/div><\/div>\n\n\n<style>.kadence-column_fc4332-81 > .kt-inside-inner-col,.kadence-column_fc4332-81 > .kt-inside-inner-col:before{border-top-left-radius:0px;border-top-right-radius:0px;border-bottom-right-radius:0px;border-bottom-left-radius:0px;}.kadence-column_fc4332-81 > .kt-inside-inner-col{column-gap:var(--global-kb-gap-sm, 1rem);}.kadence-column_fc4332-81 > .kt-inside-inner-col{flex-direction:column;}.kadence-column_fc4332-81 > .kt-inside-inner-col > .aligncenter{width:100%;}.kadence-column_fc4332-81 > .kt-inside-inner-col:before{opacity:0.3;}.kadence-column_fc4332-81{position:relative;}@media all and (max-width: 1024px){.kadence-column_fc4332-81 > .kt-inside-inner-col{flex-direction:column;justify-content:center;}}@media all and (max-width: 767px){.kadence-column_fc4332-81 > .kt-inside-inner-col{flex-direction:column;justify-content:center;}}<\/style>\n<div class=\"wp-block-kadence-column kadence-column_fc4332-81\"><div class=\"kt-inside-inner-col\"><\/div><\/div>\n\n<\/div><\/div><\/div><\/div>\n","protected":false},"excerpt":{"rendered":"<p>Datenschutzhinweise zu der Fotoaktion &#8222;Licht sei Dank&#8220; Informationen nach Art. 13 der DS-GVO Kontaktdaten des Verantwortlichen Erzbistum HamburgAm Mariendom 420099 Hamburg Vertreten durch Generalvikar Pater Sascha-Philipp Gei\u00dfler SAC Kontakt:Tel.: 040 24877 100Fax: 040 24877 233E-Mail:&nbsp;empfang@erzbistum-hamburg.de Kontaktdaten des Datenschutzbeauftragten Unser betrieblicher Datenschutzbeauftragter steht Ihnen gerne f\u00fcr Ausk\u00fcnfte oder Anregungen zum Thema Datenschutz zur Verf\u00fcgung: Eric-Josua ThemannITEBO&#8230;<\/p>\n","protected":false},"author":1,"featured_media":0,"parent":0,"menu_order":0,"comment_status":"closed","ping_status":"closed","template":"","meta":{"_kad_blocks_custom_css":"","_kad_blocks_head_custom_js":"","_kad_blocks_body_custom_js":"","_kad_blocks_footer_custom_js":"","_kad_post_transparent":"","_kad_post_title":"","_kad_post_layout":"","_kad_post_sidebar_id":"","_kad_post_content_style":"","_kad_post_vertical_padding":"","_kad_post_feature":"","_kad_post_feature_position":"","_kad_post_header":false,"_kad_post_footer":false,"footnotes":""},"class_list":["post-498","page","type-page","status-publish","hentry"],"taxonomy_info":[],"featured_image_src_large":false,"author_info":{"display_name":"xiqit","author_link":"https:\/\/www.lichtseidank.de\/?author=1"},"comment_info":0,"_links":{"self":[{"href":"https:\/\/www.lichtseidank.de\/index.php?rest_route=\/wp\/v2\/pages\/498","targetHints":{"allow":["GET"]}}],"collection":[{"href":"https:\/\/www.lichtseidank.de\/index.php?rest_route=\/wp\/v2\/pages"}],"about":[{"href":"https:\/\/www.lichtseidank.de\/index.php?rest_route=\/wp\/v2\/types\/page"}],"author":[{"embeddable":true,"href":"https:\/\/www.lichtseidank.de\/index.php?rest_route=\/wp\/v2\/users\/1"}],"replies":[{"embeddable":true,"href":"https:\/\/www.lichtseidank.de\/index.php?rest_route=%2Fwp%2Fv2%2Fcomments&post=498"}],"version-history":[{"count":0,"href":"https:\/\/www.lichtseidank.de\/index.php?rest_route=\/wp\/v2\/pages\/498\/revisions"}],"wp:attachment":[{"href":"https:\/\/www.lichtseidank.de\/index.php?rest_route=%2Fwp%2Fv2%2Fmedia&parent=498"}],"curies":[{"name":"wp","href":"https:\/\/api.w.org\/{rel}","templated":true}]}}